{"id":5657,"date":"2023-12-18T09:38:30","date_gmt":"2023-12-18T14:38:30","guid":{"rendered":"https:\/\/english.gets.com.co\/?page_id=5657"},"modified":"2025-03-19T15:35:29","modified_gmt":"2025-03-19T20:35:29","slug":"mision-y-vision","status":"publish","type":"page","link":"https:\/\/english.gets.com.co\/en\/mision-y-vision\/","title":{"rendered":"Mission and Vision"},"content":{"rendered":"<div data-elementor-type=\"wp-page\" data-elementor-id=\"5657\" class=\"elementor elementor-5657\" data-elementor-post-type=\"page\">\n\t\t\t\t<div class=\"elementor-element elementor-element-6883174 e-flex e-con-boxed e-con e-parent\" data-id=\"6883174\" data-element_type=\"container\" data-e-type=\"container\" data-settings=\"{&quot;ekit_has_onepagescroll_dot&quot;:&quot;yes&quot;}\">\n\t\t\t\t\t<div class=\"e-con-inner\">\n\t\t<div class=\"elementor-element elementor-element-a7fd70b e-con-full e-flex e-con e-child\" data-id=\"a7fd70b\" data-element_type=\"container\" data-e-type=\"container\" data-settings=\"{&quot;ekit_has_onepagescroll_dot&quot;:&quot;yes&quot;}\">\n\t\t\t\t<div class=\"elementor-element elementor-element-51be62f elementor-widget elementor-widget-heading\" data-id=\"51be62f\" data-element_type=\"widget\" data-e-type=\"widget\" data-settings=\"{&quot;ekit_we_effect_on&quot;:&quot;none&quot;}\" data-widget_type=\"heading.default\">\n\t\t\t\t<div class=\"elementor-widget-container\">\n\t\t\t\t\t<h2 class=\"elementor-heading-title elementor-size-default\">Mission<\/h2>\t\t\t\t<\/div>\n\t\t\t\t<\/div>\n\t\t\t\t<div class=\"elementor-element elementor-element-1b04ca1 elementor-widget elementor-widget-text-editor\" data-id=\"1b04ca1\" data-element_type=\"widget\" data-e-type=\"widget\" data-settings=\"{&quot;ekit_we_effect_on&quot;:&quot;none&quot;}\" data-widget_type=\"text-editor.default\">\n\t\t\t\t<div class=\"elementor-widget-container\">\n\t\t\t\t\t\t\t\t\t<p>Our mission is to provide advanced technological solutions and comprehensive support to promote the growth and success of the business of our clients. We are committed to providing high-quality services, supported by a personalized, ongoing support, and on-time deliveries. We strive to build lasting relationships with our clients, based on trust, satisfaction and mutual support.<\/p>\t\t\t\t\t\t\t\t<\/div>\n\t\t\t\t<\/div>\n\t\t\t\t<\/div>\n\t\t<div class=\"elementor-element elementor-element-1ede7bc e-con-full e-flex e-con e-child\" data-id=\"1ede7bc\" data-element_type=\"container\" data-e-type=\"container\" data-settings=\"{&quot;ekit_has_onepagescroll_dot&quot;:&quot;yes&quot;}\">\n\t\t\t\t<div class=\"elementor-element elementor-element-d576485 elementor-widget elementor-widget-heading\" data-id=\"d576485\" data-element_type=\"widget\" data-e-type=\"widget\" data-settings=\"{&quot;ekit_we_effect_on&quot;:&quot;none&quot;}\" data-widget_type=\"heading.default\">\n\t\t\t\t<div class=\"elementor-widget-container\">\n\t\t\t\t\t<h2 class=\"elementor-heading-title elementor-size-default\">Vision<\/h2>\t\t\t\t<\/div>\n\t\t\t\t<\/div>\n\t\t\t\t<div class=\"elementor-element elementor-element-8b21008 elementor-widget elementor-widget-text-editor\" data-id=\"8b21008\" data-element_type=\"widget\" data-e-type=\"widget\" data-settings=\"{&quot;ekit_we_effect_on&quot;:&quot;none&quot;}\" data-widget_type=\"text-editor.default\">\n\t\t\t\t<div class=\"elementor-widget-container\">\n\t\t\t\t\t\t\t\t\t<p>To be recognized as a leader in technology solutions and business support services, destac\u00e1ndonos by our human quality, efficiency and long-term commitment to our customers. We seek to be an agency web reputation both in the local market is colombian as in the north american market, offering innovative solutions and competitive prices.<\/p>\t\t\t\t\t\t\t\t<\/div>\n\t\t\t\t<\/div>\n\t\t\t\t<\/div>\n\t\t\t\t\t<\/div>\n\t\t\t\t<\/div>\n\t\t<div class=\"elementor-element elementor-element-63b6c7d e-flex e-con-boxed e-con e-parent\" data-id=\"63b6c7d\" data-element_type=\"container\" data-e-type=\"container\" data-settings=\"{&quot;ekit_has_onepagescroll_dot&quot;:&quot;yes&quot;}\">\n\t\t\t\t\t<div class=\"e-con-inner\">\n\t\t\t\t<div class=\"elementor-element elementor-element-27ee90f elementor-widget elementor-widget-heading\" data-id=\"27ee90f\" data-element_type=\"widget\" data-e-type=\"widget\" data-settings=\"{&quot;ekit_we_effect_on&quot;:&quot;none&quot;}\" data-widget_type=\"heading.default\">\n\t\t\t\t<div class=\"elementor-widget-container\">\n\t\t\t\t\t<h2 class=\"elementor-heading-title elementor-size-default\">Quality policy<\/h2>\t\t\t\t<\/div>\n\t\t\t\t<\/div>\n\t\t\t\t<div class=\"elementor-element elementor-element-341ce96 elementor-widget elementor-widget-text-editor\" data-id=\"341ce96\" data-element_type=\"widget\" data-e-type=\"widget\" data-settings=\"{&quot;ekit_we_effect_on&quot;:&quot;none&quot;}\" data-widget_type=\"text-editor.default\">\n\t\t\t\t<div class=\"elementor-widget-container\">\n\t\t\t\t\t\t\t\t\t<ol><li><p>Commitment to excellence: We are committed to providing technology solutions and business support services of the highest quality, using efficient methods and the latest technology to optimize our work.<\/p><\/li><li><p>Customer service: We strive to provide a personalized attention and continuous support to our customers, with the order to meet their needs and build long-term relationships based on trust and mutual support.<\/p><\/li><li><p>Delivery times: We are committed to making on-time deliveries, meeting the deadlines agreed upon with our customers.<\/p><\/li><li><p>Continuous improvement: We are constantly improving our processes and services, through the feedback of our customers and constantly update our skills and knowledge.<\/p><\/li><li><p>Competitiveness: We strive to offer competitive prices in the market, without compromising the quality of our services.<\/p><\/li><li><p>Expansion and growth: we Seek to expand in the u.s. market and continue to grow in the local market of colombia, while always maintaining high standards of quality and service.<\/p><\/li><\/ol>\t\t\t\t\t\t\t\t<\/div>\n\t\t\t\t<\/div>\n\t\t\t\t\t<\/div>\n\t\t\t\t<\/div>\n\t\t<div class=\"elementor-element elementor-element-e4a1d18 e-flex e-con-boxed e-con e-parent\" data-id=\"e4a1d18\" data-element_type=\"container\" data-e-type=\"container\" data-settings=\"{&quot;ekit_has_onepagescroll_dot&quot;:&quot;yes&quot;}\">\n\t\t\t\t\t<div class=\"e-con-inner\">\n\t\t<div class=\"elementor-element elementor-element-9572ee7 e-flex e-con-boxed e-con e-child\" data-id=\"9572ee7\" data-element_type=\"container\" data-e-type=\"container\" data-settings=\"{&quot;ekit_has_onepagescroll_dot&quot;:&quot;yes&quot;}\">\n\t\t\t\t\t<div class=\"e-con-inner\">\n\t\t\t\t<div class=\"elementor-element elementor-element-10e01d2 elementor-widget elementor-widget-image\" data-id=\"10e01d2\" data-element_type=\"widget\" data-e-type=\"widget\" data-settings=\"{&quot;ekit_we_effect_on&quot;:&quot;none&quot;}\" data-widget_type=\"image.default\">\n\t\t\t\t<div class=\"elementor-widget-container\">\n\t\t\t\t\t\t\t\t\t\t\t\t\t\t\t\t<a href=\"https:\/\/wa.me\/573242076281?text=%C2%A1Hola!%20%F0%9F%91%8B%20Estoy%20muy%20interesado%20en%20conocer%20m%C3%A1s%20sobre%20sus%20servicios%20de%20sitio%20web,%20marketing,%20apps,%20dise%C3%B1o%20y%20ingenier%C3%ADa%20de%20software.%20%F0%9F%92%BB%F0%9F%93%B1%F0%9F%8E%A8%F0%9F%9B%A0%20Vi%20su%20sitio%20web%20y%20me%20gustar%C3%ADa%20obtener%20m%C3%A1s%20informaci%C3%B3n.%20%C2%BFPodemos%20hablar%20sobre%20ello?\" target=\"_blank\">\n\t\t\t\t\t\t\t<img decoding=\"async\" src=\"https:\/\/english.gets.com.co\/wp-content\/uploads\/2019\/11\/cotiza-aqui.jpg\" title=\"\" alt=\"\" loading=\"lazy\" \/>\t\t\t\t\t\t\t\t<\/a>\n\t\t\t\t\t\t\t\t\t\t\t\t\t\t\t<\/div>\n\t\t\t\t<\/div>\n\t\t\t\t\t<\/div>\n\t\t\t\t<\/div>\n\t\t\t\t\t<\/div>\n\t\t\t\t<\/div>\n\t\t\t\t<\/div>","protected":false},"excerpt":{"rendered":"<p>Misi\u00f3n Nuestra misi\u00f3n es brindar soluciones tecnol\u00f3gicas de vanguardia y apoyo integral para impulsar el crecimiento y el \u00e9xito de los negocios de nuestros clientes. Nos comprometemos a ofrecer servicios de alta calidad, apoyados por una atenci\u00f3n personalizada, soporte continuo y entregas puntuales. Nos esforzamos por construir relaciones s\u00f3lidas y duraderas con nuestros clientes, basadas [&hellip;]<\/p>\n","protected":false},"author":9,"featured_media":0,"parent":0,"menu_order":0,"comment_status":"closed","ping_status":"closed","template":"","meta":{"_mbp_gutenberg_autopost":false,"footnotes":""},"class_list":["post-5657","page","type-page","status-publish","hentry"],"yoast_head":"<!-- This site is optimized with the Yoast SEO plugin v27.4 - https:\/\/yoast.com\/product\/yoast-seo-wordpress\/ -->\n<title>Misi\u00f3n y Visi\u00f3n<\/title>\n<meta name=\"description\" content=\"Conoce la Misi\u00f3n y Visi\u00f3n de Gets Tecnolog\u00eda. Nuestro compromiso es ofrecer soluciones tecnol\u00f3gicas innovadoras que transformen ideas en realidades.\" \/>\n<meta name=\"robots\" content=\"index, follow, max-snippet:-1, max-image-preview:large, max-video-preview:-1\" \/>\n<link rel=\"canonical\" href=\"https:\/\/english.gets.com.co\/en\/mision-y-vision\/\" \/>\n<meta property=\"og:locale\" content=\"en_US\" \/>\n<meta property=\"og:type\" content=\"article\" \/>\n<meta property=\"og:title\" content=\"Misi\u00f3n y Visi\u00f3n\" \/>\n<meta property=\"og:description\" content=\"Conoce la Misi\u00f3n y Visi\u00f3n de Gets Tecnolog\u00eda. Nuestro compromiso es ofrecer soluciones tecnol\u00f3gicas innovadoras que transformen ideas en realidades.\" \/>\n<meta property=\"og:url\" content=\"https:\/\/english.gets.com.co\/en\/mision-y-vision\/\" \/>\n<meta property=\"og:site_name\" content=\"Gets Tecnolog\u00eda\" \/>\n<meta property=\"article:publisher\" content=\"https:\/\/www.facebook.com\/tecnologiagets\" \/>\n<meta property=\"article:modified_time\" content=\"2025-03-19T20:35:29+00:00\" \/>\n<meta property=\"og:image\" content=\"https:\/\/english.gets.com.co\/wp-content\/uploads\/2019\/11\/cotiza-aqui.jpg\" \/>\n<meta name=\"twitter:card\" content=\"summary_large_image\" \/>\n<meta name=\"twitter:label1\" content=\"Est. reading time\" \/>\n\t<meta name=\"twitter:data1\" content=\"2 minutes\" \/>\n<script type=\"application\/ld+json\" class=\"yoast-schema-graph\">{\"@context\":\"https:\\\/\\\/schema.org\",\"@graph\":[{\"@type\":\"WebPage\",\"@id\":\"https:\\\/\\\/english.gets.com.co\\\/en\\\/mision-y-vision\\\/\",\"url\":\"https:\\\/\\\/english.gets.com.co\\\/en\\\/mision-y-vision\\\/\",\"name\":\"Misi\u00f3n y Visi\u00f3n\",\"isPartOf\":{\"@id\":\"https:\\\/\\\/english.gets.com.co\\\/#website\"},\"primaryImageOfPage\":{\"@id\":\"https:\\\/\\\/english.gets.com.co\\\/en\\\/mision-y-vision\\\/#primaryimage\"},\"image\":{\"@id\":\"https:\\\/\\\/english.gets.com.co\\\/en\\\/mision-y-vision\\\/#primaryimage\"},\"thumbnailUrl\":\"https:\\\/\\\/english.gets.com.co\\\/wp-content\\\/uploads\\\/2019\\\/11\\\/cotiza-aqui.jpg\",\"datePublished\":\"2023-12-18T14:38:30+00:00\",\"dateModified\":\"2025-03-19T20:35:29+00:00\",\"description\":\"Conoce la Misi\u00f3n y Visi\u00f3n de Gets Tecnolog\u00eda. Nuestro compromiso es ofrecer soluciones tecnol\u00f3gicas innovadoras que transformen ideas en realidades.\",\"breadcrumb\":{\"@id\":\"https:\\\/\\\/english.gets.com.co\\\/en\\\/mision-y-vision\\\/#breadcrumb\"},\"inLanguage\":\"en-US\",\"potentialAction\":[{\"@type\":\"ReadAction\",\"target\":[\"https:\\\/\\\/english.gets.com.co\\\/en\\\/mision-y-vision\\\/\"]}]},{\"@type\":\"ImageObject\",\"inLanguage\":\"en-US\",\"@id\":\"https:\\\/\\\/english.gets.com.co\\\/en\\\/mision-y-vision\\\/#primaryimage\",\"url\":\"https:\\\/\\\/english.gets.com.co\\\/wp-content\\\/uploads\\\/2019\\\/11\\\/cotiza-aqui.jpg\",\"contentUrl\":\"https:\\\/\\\/english.gets.com.co\\\/wp-content\\\/uploads\\\/2019\\\/11\\\/cotiza-aqui.jpg\"},{\"@type\":\"BreadcrumbList\",\"@id\":\"https:\\\/\\\/english.gets.com.co\\\/en\\\/mision-y-vision\\\/#breadcrumb\",\"itemListElement\":[{\"@type\":\"ListItem\",\"position\":1,\"name\":\"Inicio\",\"item\":\"https:\\\/\\\/english.gets.com.co\\\/\"},{\"@type\":\"ListItem\",\"position\":2,\"name\":\"Misi\u00f3n y Visi\u00f3n\"}]},{\"@type\":\"WebSite\",\"@id\":\"https:\\\/\\\/english.gets.com.co\\\/#website\",\"url\":\"https:\\\/\\\/english.gets.com.co\\\/\",\"name\":\"Gets Tecnolog\u00eda\",\"description\":\"Tu Aliado En Tecnolog\u00eda Y Desarrollo\",\"publisher\":{\"@id\":\"https:\\\/\\\/english.gets.com.co\\\/#organization\"},\"potentialAction\":[{\"@type\":\"SearchAction\",\"target\":{\"@type\":\"EntryPoint\",\"urlTemplate\":\"https:\\\/\\\/english.gets.com.co\\\/?s={search_term_string}\"},\"query-input\":{\"@type\":\"PropertyValueSpecification\",\"valueRequired\":true,\"valueName\":\"search_term_string\"}}],\"inLanguage\":\"en-US\"},{\"@type\":\"Organization\",\"@id\":\"https:\\\/\\\/english.gets.com.co\\\/#organization\",\"name\":\"Gets Tecnolog\u00eda\",\"url\":\"https:\\\/\\\/english.gets.com.co\\\/\",\"logo\":{\"@type\":\"ImageObject\",\"inLanguage\":\"en-US\",\"@id\":\"https:\\\/\\\/english.gets.com.co\\\/#\\\/schema\\\/logo\\\/image\\\/\",\"url\":\"https:\\\/\\\/english.gets.com.co\\\/wp-content\\\/uploads\\\/2023\\\/12\\\/ddaddd.png\",\"contentUrl\":\"https:\\\/\\\/english.gets.com.co\\\/wp-content\\\/uploads\\\/2023\\\/12\\\/ddaddd.png\",\"width\":192,\"height\":192,\"caption\":\"Gets Tecnolog\u00eda\"},\"image\":{\"@id\":\"https:\\\/\\\/english.gets.com.co\\\/#\\\/schema\\\/logo\\\/image\\\/\"},\"sameAs\":[\"https:\\\/\\\/www.facebook.com\\\/tecnologiagets\",\"https:\\\/\\\/www.instagram.com\\\/getstecnologia\\\/\",\"https:\\\/\\\/www.linkedin.com\\\/in\\\/gets-grupo-empresarial-tecnolgico-simbiotica-73454952\\\/\"]}]}<\/script>\n<!-- \/ Yoast SEO plugin. -->","yoast_head_json":{"title":"Mission and Vision","description":"Conoce la Misi\u00f3n y Visi\u00f3n de Gets Tecnolog\u00eda. Nuestro compromiso es ofrecer soluciones tecnol\u00f3gicas innovadoras que transformen ideas en realidades.","robots":{"index":"index","follow":"follow","max-snippet":"max-snippet:-1","max-image-preview":"max-image-preview:large","max-video-preview":"max-video-preview:-1"},"canonical":"https:\/\/english.gets.com.co\/en\/mision-y-vision\/","og_locale":"en_US","og_type":"article","og_title":"Misi\u00f3n y Visi\u00f3n","og_description":"Conoce la Misi\u00f3n y Visi\u00f3n de Gets Tecnolog\u00eda. Nuestro compromiso es ofrecer soluciones tecnol\u00f3gicas innovadoras que transformen ideas en realidades.","og_url":"https:\/\/english.gets.com.co\/en\/mision-y-vision\/","og_site_name":"Gets Tecnolog\u00eda","article_publisher":"https:\/\/www.facebook.com\/tecnologiagets","article_modified_time":"2025-03-19T20:35:29+00:00","og_image":[{"url":"https:\/\/english.gets.com.co\/wp-content\/uploads\/2019\/11\/cotiza-aqui.jpg","type":"","width":"","height":""}],"twitter_card":"summary_large_image","twitter_misc":{"Est. reading time":"2 minutes"},"schema":{"@context":"https:\/\/schema.org","@graph":[{"@type":"WebPage","@id":"https:\/\/english.gets.com.co\/en\/mision-y-vision\/","url":"https:\/\/english.gets.com.co\/en\/mision-y-vision\/","name":"Mission and Vision","isPartOf":{"@id":"https:\/\/english.gets.com.co\/#website"},"primaryImageOfPage":{"@id":"https:\/\/english.gets.com.co\/en\/mision-y-vision\/#primaryimage"},"image":{"@id":"https:\/\/english.gets.com.co\/en\/mision-y-vision\/#primaryimage"},"thumbnailUrl":"https:\/\/english.gets.com.co\/wp-content\/uploads\/2019\/11\/cotiza-aqui.jpg","datePublished":"2023-12-18T14:38:30+00:00","dateModified":"2025-03-19T20:35:29+00:00","description":"Conoce la Misi\u00f3n y Visi\u00f3n de Gets Tecnolog\u00eda. Nuestro compromiso es ofrecer soluciones tecnol\u00f3gicas innovadoras que transformen ideas en realidades.","breadcrumb":{"@id":"https:\/\/english.gets.com.co\/en\/mision-y-vision\/#breadcrumb"},"inLanguage":"en-US","potentialAction":[{"@type":"ReadAction","target":["https:\/\/english.gets.com.co\/en\/mision-y-vision\/"]}]},{"@type":"ImageObject","inLanguage":"en-US","@id":"https:\/\/english.gets.com.co\/en\/mision-y-vision\/#primaryimage","url":"https:\/\/english.gets.com.co\/wp-content\/uploads\/2019\/11\/cotiza-aqui.jpg","contentUrl":"https:\/\/english.gets.com.co\/wp-content\/uploads\/2019\/11\/cotiza-aqui.jpg"},{"@type":"BreadcrumbList","@id":"https:\/\/english.gets.com.co\/en\/mision-y-vision\/#breadcrumb","itemListElement":[{"@type":"ListItem","position":1,"name":"Inicio","item":"https:\/\/english.gets.com.co\/"},{"@type":"ListItem","position":2,"name":"Misi\u00f3n y Visi\u00f3n"}]},{"@type":"WebSite","@id":"https:\/\/english.gets.com.co\/#website","url":"https:\/\/english.gets.com.co\/","name":"Gets Technology","description":"Tu Aliado En Tecnolog\u00eda Y Desarrollo","publisher":{"@id":"https:\/\/english.gets.com.co\/#organization"},"potentialAction":[{"@type":"SearchAction","target":{"@type":"EntryPoint","urlTemplate":"https:\/\/english.gets.com.co\/?s={search_term_string}"},"query-input":{"@type":"PropertyValueSpecification","valueRequired":true,"valueName":"search_term_string"}}],"inLanguage":"en-US"},{"@type":"Organization","@id":"https:\/\/english.gets.com.co\/#organization","name":"Gets Technology","url":"https:\/\/english.gets.com.co\/","logo":{"@type":"ImageObject","inLanguage":"en-US","@id":"https:\/\/english.gets.com.co\/#\/schema\/logo\/image\/","url":"https:\/\/english.gets.com.co\/wp-content\/uploads\/2023\/12\/ddaddd.png","contentUrl":"https:\/\/english.gets.com.co\/wp-content\/uploads\/2023\/12\/ddaddd.png","width":192,"height":192,"caption":"Gets Tecnolog\u00eda"},"image":{"@id":"https:\/\/english.gets.com.co\/#\/schema\/logo\/image\/"},"sameAs":["https:\/\/www.facebook.com\/tecnologiagets","https:\/\/www.instagram.com\/getstecnologia\/","https:\/\/www.linkedin.com\/in\/gets-grupo-empresarial-tecnolgico-simbiotica-73454952\/"]}]}},"_links":{"self":[{"href":"https:\/\/english.gets.com.co\/en\/wp-json\/wp\/v2\/pages\/5657","targetHints":{"allow":["GET"]}}],"collection":[{"href":"https:\/\/english.gets.com.co\/en\/wp-json\/wp\/v2\/pages"}],"about":[{"href":"https:\/\/english.gets.com.co\/en\/wp-json\/wp\/v2\/types\/page"}],"author":[{"embeddable":true,"href":"https:\/\/english.gets.com.co\/en\/wp-json\/wp\/v2\/users\/9"}],"replies":[{"embeddable":true,"href":"https:\/\/english.gets.com.co\/en\/wp-json\/wp\/v2\/comments?post=5657"}],"version-history":[{"count":9,"href":"https:\/\/english.gets.com.co\/en\/wp-json\/wp\/v2\/pages\/5657\/revisions"}],"predecessor-version":[{"id":7004,"href":"https:\/\/english.gets.com.co\/en\/wp-json\/wp\/v2\/pages\/5657\/revisions\/7004"}],"wp:attachment":[{"href":"https:\/\/english.gets.com.co\/en\/wp-json\/wp\/v2\/media?parent=5657"}],"curies":[{"name":"wp","href":"https:\/\/api.w.org\/{rel}","templated":true}]}}